{"id":17413,"date":"2024-07-11T10:57:08","date_gmt":"2024-07-11T13:57:08","guid":{"rendered":"https:\/\/favoritaferramentas.com.br\/?post_type=product&#038;p=17413"},"modified":"2025-10-31T13:13:59","modified_gmt":"2025-10-31T16:13:59","slug":"lima-rotativa-p-aluminio-hx0612","status":"publish","type":"product","link":"https:\/\/favoritaferramentas.com.br\/index.php\/product\/lima-rotativa-p-aluminio-hx0612\/","title":{"rendered":"Lima Rotativa P\/ Alum\u00ednio Hx0612"},"content":{"rendered":"<p>Utilizada em alum\u00ednio, a lima rotativa \u00e9 uma \u00f3tima op\u00e7\u00e3o para incluir em seu kit de ferramentas, com alta qualidade e durabilidade.<\/p>\n<p>A lima rotativa \u00e9 um produto Seven Tools, garantimos a qualidade de nossos produtos desde 2006, a equipe est\u00e1 preparada para selecionar os melhores produtos aos seus clientes.<\/p>\n<p>&#8211; Envio imediato<br \/>\n&#8211; Nota Fiscal<br \/>\n&#8211; Garantia do fabricante<\/p>\n","protected":false},"excerpt":{"rendered":"<p>Utilizada em alum\u00ednio, a lima rotativa \u00e9 uma \u00f3tima op\u00e7\u00e3o para incluir em seu kit de ferramentas, com alta qualidade<\/p>\n","protected":false},"featured_media":17414,"comment_status":"open","ping_status":"closed","template":"","meta":[],"product_brand":[],"product_cat":[20],"product_tag":[],"class_list":{"0":"post-17413","1":"product","2":"type-product","3":"status-publish","4":"has-post-thumbnail","6":"product_cat-abrasivos","8":"first","9":"instock","10":"shipping-taxable","11":"product-type-external"},"_links":{"self":[{"href":"https:\/\/favoritaferramentas.com.br\/index.php\/wp-json\/wp\/v2\/product\/17413","targetHints":{"allow":["GET"]}}],"collection":[{"href":"https:\/\/favoritaferramentas.com.br\/index.php\/wp-json\/wp\/v2\/product"}],"about":[{"href":"https:\/\/favoritaferramentas.com.br\/index.php\/wp-json\/wp\/v2\/types\/product"}],"replies":[{"embeddable":true,"href":"https:\/\/favoritaferramentas.com.br\/index.php\/wp-json\/wp\/v2\/comments?post=17413"}],"version-history":[{"count":1,"href":"https:\/\/favoritaferramentas.com.br\/index.php\/wp-json\/wp\/v2\/product\/17413\/revisions"}],"predecessor-version":[{"id":17415,"href":"https:\/\/favoritaferramentas.com.br\/index.php\/wp-json\/wp\/v2\/product\/17413\/revisions\/17415"}],"wp:featuredmedia":[{"embeddable":true,"href":"https:\/\/favoritaferramentas.com.br\/index.php\/wp-json\/wp\/v2\/media\/17414"}],"wp:attachment":[{"href":"https:\/\/favoritaferramentas.com.br\/index.php\/wp-json\/wp\/v2\/media?parent=17413"}],"wp:term":[{"taxonomy":"product_brand","embeddable":true,"href":"https:\/\/favoritaferramentas.com.br\/index.php\/wp-json\/wp\/v2\/product_brand?post=17413"},{"taxonomy":"product_cat","embeddable":true,"href":"https:\/\/favoritaferramentas.com.br\/index.php\/wp-json\/wp\/v2\/product_cat?post=17413"},{"taxonomy":"product_tag","embeddable":true,"href":"https:\/\/favoritaferramentas.com.br\/index.php\/wp-json\/wp\/v2\/product_tag?post=17413"}],"curies":[{"name":"wp","href":"https:\/\/api.w.org\/{rel}","templated":true}]}}