{"id":17408,"date":"2024-07-11T10:47:35","date_gmt":"2024-07-11T13:47:35","guid":{"rendered":"https:\/\/favoritaferramentas.com.br\/?post_type=product&#038;p=17408"},"modified":"2025-12-03T04:35:31","modified_gmt":"2025-12-03T07:35:31","slug":"cabecote-tpkn-ou-tpkr-16-diametro-100mm-90","status":"publish","type":"product","link":"https:\/\/favoritaferramentas.com.br\/index.php\/product\/cabecote-tpkn-ou-tpkr-16-diametro-100mm-90\/","title":{"rendered":"Cabe\u00e7ote Tpkn ou Tpkr 16 &#8211; Di\u00e2metro 100mm 90\u00b0"},"content":{"rendered":"<p>O cabe\u00e7ote TPKN ou TPKR \u00e9 o que voc\u00ea procura para sua manuten\u00e7\u00e3o, ent\u00e3o adquira j\u00e1 o produto com qualidade incompar\u00e1vel pela Seven Tools, nossa equipe seleciona os melhores produtos e as melhores marcas.<\/p>\n<p>Compre o cabe\u00e7ote tpkn ou tpkr para completar sua maleta de ferramentas.<\/p>\n<p>&#8211; Possu\u00edmos amplo mix com +2.000 produtos;<br \/>\n&#8211; Agilidade no atendimento;<br \/>\n&#8211; Melhores pre\u00e7os e condi\u00e7\u00f5es do Brasil;<br \/>\n&#8211; Nota Fiscal;<br \/>\n&#8211; Envio Imediato.<\/p>\n<p>*Imagens Meramente Ilustrativas<\/p>\n","protected":false},"excerpt":{"rendered":"<p>O cabe\u00e7ote TPKN ou TPKR \u00e9 o que voc\u00ea procura para sua manuten\u00e7\u00e3o, ent\u00e3o adquira j\u00e1 o produto com qualidade<\/p>\n","protected":false},"featured_media":17409,"comment_status":"open","ping_status":"closed","template":"","meta":[],"product_brand":[],"product_cat":[105],"product_tag":[],"class_list":{"0":"post-17408","1":"product","2":"type-product","3":"status-publish","4":"has-post-thumbnail","6":"product_cat-fresamento","8":"first","9":"instock","10":"shipping-taxable","11":"product-type-external"},"_links":{"self":[{"href":"https:\/\/favoritaferramentas.com.br\/index.php\/wp-json\/wp\/v2\/product\/17408","targetHints":{"allow":["GET"]}}],"collection":[{"href":"https:\/\/favoritaferramentas.com.br\/index.php\/wp-json\/wp\/v2\/product"}],"about":[{"href":"https:\/\/favoritaferramentas.com.br\/index.php\/wp-json\/wp\/v2\/types\/product"}],"replies":[{"embeddable":true,"href":"https:\/\/favoritaferramentas.com.br\/index.php\/wp-json\/wp\/v2\/comments?post=17408"}],"version-history":[{"count":1,"href":"https:\/\/favoritaferramentas.com.br\/index.php\/wp-json\/wp\/v2\/product\/17408\/revisions"}],"predecessor-version":[{"id":17410,"href":"https:\/\/favoritaferramentas.com.br\/index.php\/wp-json\/wp\/v2\/product\/17408\/revisions\/17410"}],"wp:featuredmedia":[{"embeddable":true,"href":"https:\/\/favoritaferramentas.com.br\/index.php\/wp-json\/wp\/v2\/media\/17409"}],"wp:attachment":[{"href":"https:\/\/favoritaferramentas.com.br\/index.php\/wp-json\/wp\/v2\/media?parent=17408"}],"wp:term":[{"taxonomy":"product_brand","embeddable":true,"href":"https:\/\/favoritaferramentas.com.br\/index.php\/wp-json\/wp\/v2\/product_brand?post=17408"},{"taxonomy":"product_cat","embeddable":true,"href":"https:\/\/favoritaferramentas.com.br\/index.php\/wp-json\/wp\/v2\/product_cat?post=17408"},{"taxonomy":"product_tag","embeddable":true,"href":"https:\/\/favoritaferramentas.com.br\/index.php\/wp-json\/wp\/v2\/product_tag?post=17408"}],"curies":[{"name":"wp","href":"https:\/\/api.w.org\/{rel}","templated":true}]}}