{"id":17405,"date":"2024-07-11T10:43:20","date_gmt":"2024-07-11T13:43:20","guid":{"rendered":"https:\/\/favoritaferramentas.com.br\/?post_type=product&#038;p=17405"},"modified":"2025-12-02T18:09:06","modified_gmt":"2025-12-02T21:09:06","slug":"placa-3-cast-univ-250mm-10-sanou","status":"publish","type":"product","link":"https:\/\/favoritaferramentas.com.br\/index.php\/product\/placa-3-cast-univ-250mm-10-sanou\/","title":{"rendered":"Placa 3 CAST. UNIV. 250mm &#8211; 10&#8221; &#8211; SANOU"},"content":{"rendered":"<div id=\"product-wrapper\" class=\"product-wrapper\">\n<div class=\"product-tabs\">\n<div class=\"tabs-content\">\n<div id=\"descricao\" class=\"tab rte description-ab active\">\n<p>A procura de pe\u00e7as para completar o seu torno mec\u00e2nico? A\u00a0Placa 3 CAST. UNIV. 250mm\u00a0 &#8211; 10&#8221; &#8211; SANOU\u00a0\u00a0vai lhe auxiliar na hora de fixar suas pe\u00e7as e dar um acabamento profissional e limpo.<\/p>\n<p>Munida de 3 castanhas, a Placa de Torno for\u00e7a a centraliza\u00e7\u00e3o da pe\u00e7a, para que ela seja moldada de igual em todos os lados. Podendo ter diferentes dimens\u00f5es, ela ajuda na fabrica\u00e7\u00e3o de pe\u00e7as cil\u00edndricas internas e externas.<\/p>\n<p>Na nossa loja voc\u00ea vai encontrar todos os tipos de pe\u00e7as para torneamento, dando maior utilidade no dia-a-dia da sua tornearia, com os melhores pre\u00e7os e prazos do Brasil.<\/p>\n<p>CARACTER\u00cdSTICAS<br \/>\nFabricada em ferro fundido e A\u00e7o.<\/p>\n<p>Acompanha com a placa:<br \/>\n&#8211; 1 chave para aperto<br \/>\n&#8211; Parafusos de fixa\u00e7\u00e3o<br \/>\n&#8211; Placa De Tr\u00eas Castanhas<\/p>\n<p>&#8211; Possu\u00edmos amplo mix com +2.000 produtos;<br \/>\n&#8211; Agilidade no atendimento;<br \/>\n&#8211; Melhores pre\u00e7os e condi\u00e7\u00f5es do Brasil;<br \/>\n&#8211; Nota Fiscal;<br \/>\n&#8211; Envio Imediato.<\/p>\n<\/div>\n<\/div>\n<\/div>\n<\/div>\n<div class=\"section-product-related\">\n<div class=\"container\">\n<div class=\"section-header\"><\/div>\n<\/div>\n<\/div>\n","protected":false},"excerpt":{"rendered":"<p>A procura de pe\u00e7as para completar o seu torno mec\u00e2nico? A\u00a0Placa 3 CAST. UNIV. 250mm\u00a0 &#8211; 10&#8221; &#8211; SANOU\u00a0\u00a0vai lhe<\/p>\n","protected":false},"featured_media":17406,"comment_status":"open","ping_status":"closed","template":"","meta":[],"product_brand":[],"product_cat":[106],"product_tag":[],"class_list":{"0":"post-17405","1":"product","2":"type-product","3":"status-publish","4":"has-post-thumbnail","6":"product_cat-torneamento","8":"first","9":"instock","10":"shipping-taxable","11":"product-type-external"},"_links":{"self":[{"href":"https:\/\/favoritaferramentas.com.br\/index.php\/wp-json\/wp\/v2\/product\/17405","targetHints":{"allow":["GET"]}}],"collection":[{"href":"https:\/\/favoritaferramentas.com.br\/index.php\/wp-json\/wp\/v2\/product"}],"about":[{"href":"https:\/\/favoritaferramentas.com.br\/index.php\/wp-json\/wp\/v2\/types\/product"}],"replies":[{"embeddable":true,"href":"https:\/\/favoritaferramentas.com.br\/index.php\/wp-json\/wp\/v2\/comments?post=17405"}],"version-history":[{"count":1,"href":"https:\/\/favoritaferramentas.com.br\/index.php\/wp-json\/wp\/v2\/product\/17405\/revisions"}],"predecessor-version":[{"id":17407,"href":"https:\/\/favoritaferramentas.com.br\/index.php\/wp-json\/wp\/v2\/product\/17405\/revisions\/17407"}],"wp:featuredmedia":[{"embeddable":true,"href":"https:\/\/favoritaferramentas.com.br\/index.php\/wp-json\/wp\/v2\/media\/17406"}],"wp:attachment":[{"href":"https:\/\/favoritaferramentas.com.br\/index.php\/wp-json\/wp\/v2\/media?parent=17405"}],"wp:term":[{"taxonomy":"product_brand","embeddable":true,"href":"https:\/\/favoritaferramentas.com.br\/index.php\/wp-json\/wp\/v2\/product_brand?post=17405"},{"taxonomy":"product_cat","embeddable":true,"href":"https:\/\/favoritaferramentas.com.br\/index.php\/wp-json\/wp\/v2\/product_cat?post=17405"},{"taxonomy":"product_tag","embeddable":true,"href":"https:\/\/favoritaferramentas.com.br\/index.php\/wp-json\/wp\/v2\/product_tag?post=17405"}],"curies":[{"name":"wp","href":"https:\/\/api.w.org\/{rel}","templated":true}]}}