{"id":17400,"date":"2024-07-11T10:25:19","date_gmt":"2024-07-11T13:25:19","guid":{"rendered":"https:\/\/favoritaferramentas.com.br\/?post_type=product&#038;p=17400"},"modified":"2024-08-16T19:06:28","modified_gmt":"2024-08-16T22:06:28","slug":"inserto-videa-pastilha-r166-22-op1210-60-int-oke-10un","status":"publish","type":"product","link":"https:\/\/favoritaferramentas.com.br\/index.php\/product\/inserto-videa-pastilha-r166-22-op1210-60-int-oke-10un\/","title":{"rendered":"Inserto Videa Pastilha R166 22 Op1210 60\u00b0 Int Oke &#8211; 10un."},"content":{"rendered":"<div>Caracter\u00edsticas:<\/div>\n<div>R166 22<\/div>\n<div>LT2201G-N60H<\/div>\n<div>OP1210<\/div>\n<div>100m\/min (100-200)<\/div>\n<div><\/div>\n<div>O inserto, ou pastilha, \u00e9 utilizado para as mais variadas aplica\u00e7\u00f5es do torneamento e usinagem em pe\u00e7as em inox, ferro fundido, a\u00e7o, entre outros.<\/div>\n<div><\/div>\n<div>Confeccionado em material de alt\u00edssima qualidade, ele \u00e9 ideal para atividades em torneamento com o aux\u00edlio do suporte intercambi\u00e1vel, fazendo com que a usinagem seja feita com maior qualidade e efici\u00eancia.<\/div>\n<div><\/div>\n<div>&#8211; Possu\u00edmos amplo mix com +2.000 produtos;<\/div>\n<div>&#8211; Agilidade no atendimento;<\/div>\n<div>&#8211; Melhores pre\u00e7os e condi\u00e7\u00f5es do Brasil;<\/div>\n<div>&#8211; Nota Fiscal;<\/div>\n<div>&#8211; Envio Imediato.<\/div>\n<div><\/div>\n<div>*Imagens Meramente Ilustrativas<\/div>\n<div><\/div>\n<div>Widiapara as mais diversas aplica\u00e7\u00f5es no torneamento.<\/div>\n<div>Valor anunciado referente a uma caixa fechada com 10 pastilhas.<\/div>\n","protected":false},"excerpt":{"rendered":"<p>Caracter\u00edsticas: R166 22 LT2201G-N60H OP1210 100m\/min (100-200) O inserto, ou pastilha, \u00e9 utilizado para as mais variadas aplica\u00e7\u00f5es do torneamento<\/p>\n","protected":false},"featured_media":17401,"comment_status":"open","ping_status":"closed","template":"","meta":[],"product_brand":[],"product_cat":[107],"product_tag":[],"class_list":{"0":"post-17400","1":"product","2":"type-product","3":"status-publish","4":"has-post-thumbnail","6":"product_cat-linha-de-corte","8":"first","9":"instock","10":"shipping-taxable","11":"product-type-external"},"_links":{"self":[{"href":"https:\/\/favoritaferramentas.com.br\/index.php\/wp-json\/wp\/v2\/product\/17400","targetHints":{"allow":["GET"]}}],"collection":[{"href":"https:\/\/favoritaferramentas.com.br\/index.php\/wp-json\/wp\/v2\/product"}],"about":[{"href":"https:\/\/favoritaferramentas.com.br\/index.php\/wp-json\/wp\/v2\/types\/product"}],"replies":[{"embeddable":true,"href":"https:\/\/favoritaferramentas.com.br\/index.php\/wp-json\/wp\/v2\/comments?post=17400"}],"version-history":[{"count":1,"href":"https:\/\/favoritaferramentas.com.br\/index.php\/wp-json\/wp\/v2\/product\/17400\/revisions"}],"predecessor-version":[{"id":17402,"href":"https:\/\/favoritaferramentas.com.br\/index.php\/wp-json\/wp\/v2\/product\/17400\/revisions\/17402"}],"wp:featuredmedia":[{"embeddable":true,"href":"https:\/\/favoritaferramentas.com.br\/index.php\/wp-json\/wp\/v2\/media\/17401"}],"wp:attachment":[{"href":"https:\/\/favoritaferramentas.com.br\/index.php\/wp-json\/wp\/v2\/media?parent=17400"}],"wp:term":[{"taxonomy":"product_brand","embeddable":true,"href":"https:\/\/favoritaferramentas.com.br\/index.php\/wp-json\/wp\/v2\/product_brand?post=17400"},{"taxonomy":"product_cat","embeddable":true,"href":"https:\/\/favoritaferramentas.com.br\/index.php\/wp-json\/wp\/v2\/product_cat?post=17400"},{"taxonomy":"product_tag","embeddable":true,"href":"https:\/\/favoritaferramentas.com.br\/index.php\/wp-json\/wp\/v2\/product_tag?post=17400"}],"curies":[{"name":"wp","href":"https:\/\/api.w.org\/{rel}","templated":true}]}}