{"id":17391,"date":"2024-07-11T09:10:54","date_gmt":"2024-07-11T12:10:54","guid":{"rendered":"https:\/\/favoritaferramentas.com.br\/?post_type=product&#038;p=17391"},"modified":"2024-08-16T19:06:42","modified_gmt":"2024-08-16T22:06:42","slug":"base-magnetica-articulada-p-relogio-comparador-e-apalpador","status":"publish","type":"product","link":"https:\/\/favoritaferramentas.com.br\/index.php\/product\/base-magnetica-articulada-p-relogio-comparador-e-apalpador\/","title":{"rendered":"Base Magn\u00e9tica Articulada P\/ Rel\u00f3gio Comparador E Apalpador"},"content":{"rendered":"<p>Seja bem vindo a Seven Tools Ferramentas<\/p>\n<p>Deseja realizar suas medi\u00e7\u00f5es de maneira eficaz e precisa? A Base Magn\u00e9tica \u00e9 ideal para o seu Rel\u00f3gio Comparador ou Apalpador. Com sua superf\u00edcie em &#8220;V&#8221;, ela pode ser fixada em pe\u00e7as planas e cil\u00edndricas.<\/p>\n<p>A Base Magn\u00e9tica disp\u00f5e de chave liga\/desliga para ativa\u00e7\u00e3o do magnetismo, pode prender o Rel\u00f3gio tanto pela orelha quanto pelo canh\u00e3o de fixa\u00e7\u00e3o e possui bra\u00e7o articulado, dando mais liberdade ao trabalho. Confeccionada com materiais de alt\u00edssima qualidade e durabilidade, a Base vai lhe auxiliar no dia-a-dia.<\/p>\n<p>A Seven Tools conta com v\u00e1rios produtos para medi\u00e7\u00e3o geral em tornearias, oficinas, fresadoras, etc. Todos os produtos com o melhor pre\u00e7o e prazo do pa\u00eds!<br \/>\nEspecifica\u00e7\u00f5es T\u00e9cnicas:<\/p>\n<p>\u2022 Fixa\u00e7\u00e3o por trava mec\u00e2nica;<br \/>\n\u2022 Base prism\u00e1tica, para fixa\u00e7\u00e3o em superf\u00edcies planas ou cil\u00edndricas;<br \/>\n\u2022 Dimens\u00f5es da base de 55x50x63mm;<br \/>\n\u2022 Chave liga\/desliga do magn\u00e9tico;<br \/>\n\u2022 Altura total de 320mm;<br \/>\n\u2022 Encaixe para canh\u00e3o ou haste tipo rabo de andorinha de \u00f88mm;<br \/>\n\u2022 Encaixe diretamente nas guias do rel\u00f3gio apalpador.<br \/>\n***N\u00c3O ACOMPANHA REL\u00d3GIO***<\/p>\n","protected":false},"excerpt":{"rendered":"<p>Seja bem vindo a Seven Tools Ferramentas Deseja realizar suas medi\u00e7\u00f5es de maneira eficaz e precisa? A Base Magn\u00e9tica \u00e9<\/p>\n","protected":false},"featured_media":17392,"comment_status":"open","ping_status":"closed","template":"","meta":[],"product_brand":[],"product_cat":[108],"product_tag":[],"class_list":{"0":"post-17391","1":"product","2":"type-product","3":"status-publish","4":"has-post-thumbnail","6":"product_cat-diversos","8":"first","9":"instock","10":"shipping-taxable","11":"product-type-external"},"_links":{"self":[{"href":"https:\/\/favoritaferramentas.com.br\/index.php\/wp-json\/wp\/v2\/product\/17391","targetHints":{"allow":["GET"]}}],"collection":[{"href":"https:\/\/favoritaferramentas.com.br\/index.php\/wp-json\/wp\/v2\/product"}],"about":[{"href":"https:\/\/favoritaferramentas.com.br\/index.php\/wp-json\/wp\/v2\/types\/product"}],"replies":[{"embeddable":true,"href":"https:\/\/favoritaferramentas.com.br\/index.php\/wp-json\/wp\/v2\/comments?post=17391"}],"version-history":[{"count":1,"href":"https:\/\/favoritaferramentas.com.br\/index.php\/wp-json\/wp\/v2\/product\/17391\/revisions"}],"predecessor-version":[{"id":17393,"href":"https:\/\/favoritaferramentas.com.br\/index.php\/wp-json\/wp\/v2\/product\/17391\/revisions\/17393"}],"wp:featuredmedia":[{"embeddable":true,"href":"https:\/\/favoritaferramentas.com.br\/index.php\/wp-json\/wp\/v2\/media\/17392"}],"wp:attachment":[{"href":"https:\/\/favoritaferramentas.com.br\/index.php\/wp-json\/wp\/v2\/media?parent=17391"}],"wp:term":[{"taxonomy":"product_brand","embeddable":true,"href":"https:\/\/favoritaferramentas.com.br\/index.php\/wp-json\/wp\/v2\/product_brand?post=17391"},{"taxonomy":"product_cat","embeddable":true,"href":"https:\/\/favoritaferramentas.com.br\/index.php\/wp-json\/wp\/v2\/product_cat?post=17391"},{"taxonomy":"product_tag","embeddable":true,"href":"https:\/\/favoritaferramentas.com.br\/index.php\/wp-json\/wp\/v2\/product_tag?post=17391"}],"curies":[{"name":"wp","href":"https:\/\/api.w.org\/{rel}","templated":true}]}}