{"id":17080,"date":"2023-07-13T09:24:59","date_gmt":"2023-07-13T12:24:59","guid":{"rendered":"https:\/\/favoritaferramentas.com.br\/?page_id=17080"},"modified":"2025-02-17T23:20:29","modified_gmt":"2025-02-18T02:20:29","slug":"quem-somos","status":"publish","type":"page","link":"https:\/\/favoritaferramentas.com.br\/index.php\/quem-somos\/","title":{"rendered":"Quem Somos"},"content":{"rendered":"\t\t<div data-elementor-type=\"wp-page\" data-elementor-id=\"17080\" class=\"elementor elementor-17080\" data-elementor-post-type=\"page\">\n\t\t\t\t\t\t<section class=\"wd-negative-gap elementor-section elementor-top-section elementor-element elementor-element-3c548bca elementor-reverse-tablet elementor-reverse-mobile elementor-section-boxed elementor-section-height-default elementor-section-height-default\" data-id=\"3c548bca\" data-element_type=\"section\">\n\t\t\t\t\t\t<div class=\"elementor-container elementor-column-gap-default\">\n\t\t\t\t\t<div class=\"elementor-column elementor-col-50 elementor-top-column elementor-element elementor-element-1d354ed7\" data-id=\"1d354ed7\" data-element_type=\"column\">\n\t\t\t<div class=\"elementor-widget-wrap elementor-element-populated\">\n\t\t\t\t\t\t<div class=\"elementor-element elementor-element-3b8f1c6 elementor-widget elementor-widget-wd_image_or_svg\" data-id=\"3b8f1c6\" data-element_type=\"widget\" data-widget_type=\"wd_image_or_svg.default\">\n\t\t\t\t<div class=\"elementor-widget-container\">\n\t\t\t\n\t\t<div class=\"wd-image text-left\">\n\t\t\t\t\t\t\t\t<img fetchpriority=\"high\" decoding=\"async\" width=\"700\" height=\"677\" src=\"https:\/\/favoritaferramentas.com.br\/wp-content\/uploads\/2024\/07\/logo_favorita2.webp\" class=\"attachment-full size-full\" alt=\"\" srcset=\"https:\/\/favoritaferramentas.com.br\/wp-content\/uploads\/2024\/07\/logo_favorita2.webp 700w, https:\/\/favoritaferramentas.com.br\/wp-content\/uploads\/2024\/07\/logo_favorita2-310x300.webp 310w, https:\/\/favoritaferramentas.com.br\/wp-content\/uploads\/2024\/07\/logo_favorita2-430x416.webp 430w, https:\/\/favoritaferramentas.com.br\/wp-content\/uploads\/2024\/07\/logo_favorita2-150x145.webp 150w\" sizes=\"(max-width: 700px) 100vw, 700px\" \/>\t\t\t\t\t<\/div>\n\n\t\t\t\t<\/div>\n\t\t\t\t<\/div>\n\t\t\t\t\t<\/div>\n\t\t<\/div>\n\t\t\t\t<div class=\"elementor-column elementor-col-50 elementor-top-column elementor-element elementor-element-7a9daa7\" data-id=\"7a9daa7\" data-element_type=\"column\">\n\t\t\t<div class=\"elementor-widget-wrap elementor-element-populated\">\n\t\t\t\t\t\t<div class=\"elementor-element elementor-element-18566191 wd-width-100 elementor-widget elementor-widget-wd_title\" data-id=\"18566191\" data-element_type=\"widget\" data-widget_type=\"wd_title.default\">\n\t\t\t\t<div class=\"elementor-widget-container\">\n\t\t\t\t\t<div class=\"title-wrapper set-mb-s reset-last-child wd-title-color-primary wd-title-style-default wd-title-size-large text-left\">\n\n\t\t\t\n\t\t\t<div class=\"liner-continer\">\n\t\t\t\t<h4 class=\"woodmart-title-container title wd-fontsize-xxl\">SOBRE A N\u00d3S<\/h4> \n\t\t\t\t\t\t\t<\/div>\n\n\t\t\t\t\t\t\t<div class=\"title-after_title set-cont-mb-s reset-last-child wd-fontsize-s\">\n\t\t\t\t\t<p>CNPJ:\u00a0<\/p><p>S\u00e3o Paulo<\/p>\t\t\t\t<\/div>\n\t\t\t\t\t<\/div>\n\t\t\t\t<\/div>\n\t\t\t\t<\/div>\n\t\t\t\t<div class=\"elementor-element elementor-element-5eaf246 color-scheme-inherit text-left elementor-widget elementor-widget-text-editor\" data-id=\"5eaf246\" data-element_type=\"widget\" data-widget_type=\"text-editor.default\">\n\t\t\t\t<div class=\"elementor-widget-container\">\n\t\t\t<style>\/*! elementor - v3.22.0 - 26-06-2024 *\/\n.elementor-widget-text-editor.elementor-drop-cap-view-stacked .elementor-drop-cap{background-color:#69727d;color:#fff}.elementor-widget-text-editor.elementor-drop-cap-view-framed .elementor-drop-cap{color:#69727d;border:3px solid;background-color:transparent}.elementor-widget-text-editor:not(.elementor-drop-cap-view-default) .elementor-drop-cap{margin-top:8px}.elementor-widget-text-editor:not(.elementor-drop-cap-view-default) .elementor-drop-cap-letter{width:1em;height:1em}.elementor-widget-text-editor .elementor-drop-cap{float:left;text-align:center;line-height:1;font-size:50px}.elementor-widget-text-editor .elementor-drop-cap-letter{display:inline-block}<\/style>\t\t\t\t<p>Na Favoritas Ferramentas, somos especialistas em fornecer ferramentas de alta precis\u00e3o para usinagem, garantindo desempenho, durabilidade e inova\u00e7\u00e3o para a ind\u00fastria metal\u00fargica. Com anos de experi\u00eancia no setor, oferecemos solu\u00e7\u00f5es que atendem \u00e0s mais diversas necessidades, desde cortes de alta performance at\u00e9 acabamento de precis\u00e3o.<\/p><p>Nosso compromisso \u00e9 com a qualidade, a efici\u00eancia e a satisfa\u00e7\u00e3o dos nossos clientes. Trabalhamos com as melhores marcas e tecnologias do mercado, proporcionando produtos que aumentam a produtividade e reduzem custos operacionais.<\/p><p>Seja para pequenas oficinas ou grandes ind\u00fastrias, estamos prontos para entregar as melhores ferramentas e o suporte t\u00e9cnico que voc\u00ea precisa para otimizar seus processos de usinagem.<\/p>\t\t\t\t\t\t<\/div>\n\t\t\t\t<\/div>\n\t\t\t\t\t<\/div>\n\t\t<\/div>\n\t\t\t\t\t<\/div>\n\t\t<\/section>\n\t\t\t\t<\/div>\n\t\t","protected":false},"excerpt":{"rendered":"<p>SOBRE A N\u00d3S CNPJ:\u00a0 S\u00e3o Paulo Na Favoritas Ferramentas, somos especialistas em fornecer ferramentas de alta precis\u00e3o para usinagem, garantindo<\/p>\n","protected":false},"author":1,"featured_media":0,"parent":0,"menu_order":0,"comment_status":"closed","ping_status":"closed","template":"","meta":{"footnotes":""},"class_list":["post-17080","page","type-page","status-publish","hentry"],"_links":{"self":[{"href":"https:\/\/favoritaferramentas.com.br\/index.php\/wp-json\/wp\/v2\/pages\/17080","targetHints":{"allow":["GET"]}}],"collection":[{"href":"https:\/\/favoritaferramentas.com.br\/index.php\/wp-json\/wp\/v2\/pages"}],"about":[{"href":"https:\/\/favoritaferramentas.com.br\/index.php\/wp-json\/wp\/v2\/types\/page"}],"author":[{"embeddable":true,"href":"https:\/\/favoritaferramentas.com.br\/index.php\/wp-json\/wp\/v2\/users\/1"}],"replies":[{"embeddable":true,"href":"https:\/\/favoritaferramentas.com.br\/index.php\/wp-json\/wp\/v2\/comments?post=17080"}],"version-history":[{"count":16,"href":"https:\/\/favoritaferramentas.com.br\/index.php\/wp-json\/wp\/v2\/pages\/17080\/revisions"}],"predecessor-version":[{"id":17454,"href":"https:\/\/favoritaferramentas.com.br\/index.php\/wp-json\/wp\/v2\/pages\/17080\/revisions\/17454"}],"wp:attachment":[{"href":"https:\/\/favoritaferramentas.com.br\/index.php\/wp-json\/wp\/v2\/media?parent=17080"}],"curies":[{"name":"wp","href":"https:\/\/api.w.org\/{rel}","templated":true}]}}